{"id":86,"date":"2016-04-27T11:15:00","date_gmt":"2016-04-27T11:15:00","guid":{"rendered":"https:\/\/marbella.wordcamp.org\/2016\/?page_id=86"},"modified":"2016-04-29T05:55:34","modified_gmt":"2016-04-29T05:55:34","slug":"transparencia","status":"publish","type":"page","link":"https:\/\/marbella.wordcamp.org\/2016\/transparencia\/","title":{"rendered":"Transparencia"},"content":{"rendered":"<p>La inclusi\u00f3n y la transparencia est\u00e1n presentes en la organizaci\u00f3n de este evento.<\/p>\n<p>Los organizadores son asistentes habituales a la <a href=\"http:\/\/www.meetup.com\/es-ES\/WordPress-Meetup-Marbella\/\">WordPress Meetup Marbella<\/a>, en la cual se lanz\u00f3 la idea y el llamamiento a ponentes y organizadores.<\/p>\n<p>Las cuentas del evento est\u00e1n disponibles en el siguiente enlace: <a href=\"https:\/\/docs.google.com\/spreadsheets\/d\/18lgv000qVwwe6A8l_9qHu7f3NhBC-dZcDw_E645I5S0\/edit#gid=199239428\">Presupuesto WordCamp Marbella<\/a> para la consulta por parte de cualquiera que as\u00ed lo quiera.<\/p>\n<p>Es un evento sin \u00e1nimo de lucro, en caso de obtener un fondo sobrante no se lo queda nadie de la organizaci\u00f3n, sino que se destinar\u00e1 a alguna de las siguientes opciones:<\/p>\n<ul>\n<li>Utilizarlo para continuar con la organizaci\u00f3n del grupo de Meetup de WordPress<\/li>\n<li>Donarlo a la Fundaci\u00f3n para apoyar otras WordCamps e iniciativas de comunidad<\/li>\n<li>Financiar el desarrollo de una contribuci\u00f3n a la comunidad WordPress.org (como lanzar un plugin o tema gratuito<\/li>\n<li>Ofrecer reembolsos parciales a asistentes y sponsors.<\/li>\n<\/ul>\n","protected":false},"excerpt":{"rendered":"<p>La inclusi\u00f3n y la transparencia est\u00e1n presentes en la organizaci\u00f3n de este evento. Los organizadores son asistentes habituales a la WordPress Meetup Marbella, en la cual se lanz\u00f3 la idea y el llamamiento a ponentes y organizadores. Las cuentas del evento est\u00e1n disponibles en el siguiente enlace: Presupuesto WordCamp Marbella para la consulta por parte [&hellip;]<\/p>\n","protected":false},"author":13890947,"featured_media":0,"parent":0,"menu_order":0,"comment_status":"closed","ping_status":"closed","template":"page-templates\/full-width.php","meta":{"jetpack_post_was_ever_published":false,"footnotes":""},"class_list":["post-86","page","type-page","status-publish","hentry"],"jetpack_sharing_enabled":true,"jetpack_shortlink":"https:\/\/wp.me\/P7lm45-1o","_links":{"self":[{"href":"https:\/\/marbella.wordcamp.org\/2016\/wp-json\/wp\/v2\/pages\/86","targetHints":{"allow":["GET"]}}],"collection":[{"href":"https:\/\/marbella.wordcamp.org\/2016\/wp-json\/wp\/v2\/pages"}],"about":[{"href":"https:\/\/marbella.wordcamp.org\/2016\/wp-json\/wp\/v2\/types\/page"}],"author":[{"embeddable":true,"href":"https:\/\/marbella.wordcamp.org\/2016\/wp-json\/wp\/v2\/users\/13890947"}],"replies":[{"embeddable":true,"href":"https:\/\/marbella.wordcamp.org\/2016\/wp-json\/wp\/v2\/comments?post=86"}],"version-history":[{"count":2,"href":"https:\/\/marbella.wordcamp.org\/2016\/wp-json\/wp\/v2\/pages\/86\/revisions"}],"predecessor-version":[{"id":88,"href":"https:\/\/marbella.wordcamp.org\/2016\/wp-json\/wp\/v2\/pages\/86\/revisions\/88"}],"wp:attachment":[{"href":"https:\/\/marbella.wordcamp.org\/2016\/wp-json\/wp\/v2\/media?parent=86"}],"curies":[{"name":"wp","href":"https:\/\/api.w.org\/{rel}","templated":true}]}}