{"id":2,"date":"2016-03-16T18:35:36","date_gmt":"2016-03-16T18:35:36","guid":{"rendered":"http:\/\/marbella.wordcamp.org\/2016\/?page_id=2"},"modified":"2016-05-06T09:20:11","modified_gmt":"2016-05-06T09:20:11","slug":"wordcamp-marbella","status":"publish","type":"page","link":"https:\/\/marbella.wordcamp.org\/2016\/wordcamp-marbella\/","title":{"rendered":"WordCamp Marbella"},"content":{"rendered":"<h2>\u00bfQU\u00c9 ES UNA WORDCAMP?<\/h2>\n<p>Una WordCamp es un evento Oficial de WordPress, respaldada por la Fundaci\u00f3n WordPress, que se realiza a lo largo del mundo por comunidades locales, exigiendo a estas unos est\u00e1ndares de calidad tanto en el contenido como en la organizaci\u00f3n. <strong>Contamos con un aforo limitado a 200 personas con participantes de otras comunidades.<\/strong><\/p>\n<h2>\u00bfQU\u00c9 TEM\u00c1TICAS SE VAN A TRATAR?<\/h2>\n<p>En WCMarbella se tratar\u00e1n los siguientes temas:<\/p>\n<ul>\n<li>Desarrollo de Plugins<\/li>\n<li>Desarrollo de Temas<\/li>\n<li>SEO<\/li>\n<li>Marketing<\/li>\n<li>Publicidad<\/li>\n<li>Comunidad<\/li>\n<li>Y otros temas de inter\u00e9s<\/li>\n<\/ul>\n<p><strong>En WCMarbella podr\u00e1s aprender de los mejores<\/strong>, tendremos grandes ponentes que nos ense\u00f1ar\u00e1n las \u00faltimas novedades de WordPress y proyectos incre\u00edbles que se pueden realizar.<\/p>\n<h2>TE INTERESA ASISTIR\u00a0A LA WCMARBELLA<\/h2>\n<p>A una WordCamp puede acudir cualquier tipo de perfil relacionado con internet y WordPress. Os listaremos algunos ejemplos para que teng\u00e1is una idea si os pregunt\u00e1is si deber\u00edais o no asistir:<\/p>\n<ul>\n<li><strong>Para aprender:<\/strong> gracias a los ponentes y sus temas de actualidad podr\u00e1s aprender las novedades de WordPress y proyectos interesantes que est\u00e9 realizando la gente.<\/li>\n<li><strong>Por trabajo:<\/strong> tanto si eres freelance o empresa aqu\u00ed podr\u00e1s hacer nuevos contactos que mejoren tu negocio. Todo tipo de perfil es bienvenido, siempre hay gente\/empresas que buscan colaborar y para ello necesitan de profesionales de diferentes sectores.<\/li>\n<li><strong>Para conocer:<\/strong> siempre decimos que la Comunidad de WordPress es una familia, tanto a nivel internacional, nacional\u2026 \u00a1y c\u00f3mo no local! ser\u00e1s bien recibido\/a por todos y conocer\u00e1s gente con quien hablar sobre tus pasiones\u2026 \u00a1esperamos que WordPress sea una de esas pasiones!<\/li>\n<\/ul>\n<p>Por lo que, si eres uno\/a de los siguientes deber\u00edas asistir:<\/p>\n<ul>\n<li>Freelance desarrolladores, dise\u00f1adores gr\u00e1ficos\/web, marketing, SEO\u2026<\/li>\n<li>Agencias de marketing, comunicaci\u00f3n, periodismo, dise\u00f1o gr\u00e1fico\u2026<\/li>\n<li>Empresas de cualquier sector que quieran mejorar su imagen online, una buena p\u00e1gina web y un blog son esenciales\u2026 y para ello WordPress puede ser tu mejor aliado. Si tienes gente que se encarga de todo esto en tu empresa, esta gente deber\u00eda de acudir a aprender y compartir!<\/li>\n<\/ul>\n","protected":false},"excerpt":{"rendered":"<p>\u00bfQU\u00c9 ES UNA WORDCAMP? Una WordCamp es un evento Oficial de WordPress, respaldada por la Fundaci\u00f3n WordPress, que se realiza a lo largo del mundo por comunidades locales, exigiendo a estas unos est\u00e1ndares de calidad tanto en el contenido como en la organizaci\u00f3n. Contamos con un aforo limitado a 200 personas con participantes de otras [&hellip;]<\/p>\n","protected":false},"author":14821767,"featured_media":0,"parent":0,"menu_order":0,"comment_status":"closed","ping_status":"closed","template":"page-templates\/full-width.php","meta":{"jetpack_post_was_ever_published":false,"footnotes":""},"class_list":["post-2","page","type-page","status-publish","hentry"],"jetpack_sharing_enabled":true,"jetpack_shortlink":"https:\/\/wp.me\/P7lm45-2","_links":{"self":[{"href":"https:\/\/marbella.wordcamp.org\/2016\/wp-json\/wp\/v2\/pages\/2","targetHints":{"allow":["GET"]}}],"collection":[{"href":"https:\/\/marbella.wordcamp.org\/2016\/wp-json\/wp\/v2\/pages"}],"about":[{"href":"https:\/\/marbella.wordcamp.org\/2016\/wp-json\/wp\/v2\/types\/page"}],"author":[{"embeddable":true,"href":"https:\/\/marbella.wordcamp.org\/2016\/wp-json\/wp\/v2\/users\/14821767"}],"replies":[{"embeddable":true,"href":"https:\/\/marbella.wordcamp.org\/2016\/wp-json\/wp\/v2\/comments?post=2"}],"version-history":[{"count":3,"href":"https:\/\/marbella.wordcamp.org\/2016\/wp-json\/wp\/v2\/pages\/2\/revisions"}],"predecessor-version":[{"id":272,"href":"https:\/\/marbella.wordcamp.org\/2016\/wp-json\/wp\/v2\/pages\/2\/revisions\/272"}],"wp:attachment":[{"href":"https:\/\/marbella.wordcamp.org\/2016\/wp-json\/wp\/v2\/media?parent=2"}],"curies":[{"name":"wp","href":"https:\/\/api.w.org\/{rel}","templated":true}]}}