{"id":13,"date":"2016-04-27T10:26:36","date_gmt":"2016-04-27T10:26:36","guid":{"rendered":"https:\/\/marbella.wordcamp.org\/2016\/?page_id=13"},"modified":"2016-06-10T13:29:07","modified_gmt":"2016-06-10T13:29:07","slug":"entradas","status":"publish","type":"page","link":"https:\/\/marbella.wordcamp.org\/2016\/entradas\/","title":{"rendered":"Entradas"},"content":{"rendered":"<p><strong>Entrada b\u00e1sica a la WordCamp Marbella incluye:<\/strong><\/p>\n<ul>\n<li>Acceso a las conferencias<\/li>\n<li>Almuerzo, caf\u00e9 y snacks durante el d\u00eda de conferencias.<\/li>\n<li>Acreditaci\u00f3n personalizada.<\/li>\n<li>Regalos promocionales.<\/li>\n<\/ul>\n<p><strong>Entrada + MicroPatrocinio a la WordCamp Marbella incluye:<\/strong><\/p>\n<ul>\n<li>Nuestro infinito agradecimiento por colaborar desinteresadamente con la comunidad<\/li>\n<li>Tweet de agradecimiento desde la cuenta oficial de WordCamp Marbella @WCMarbella<\/li>\n<li>Acceso a las conferencias<\/li>\n<li>Almuerzo, caf\u00e9 y snacks durante el d\u00eda de conferencias.<\/li>\n<li>Acreditaci\u00f3n personalizada.<\/li>\n<li>Regalos promocionales.<\/li>\n<\/ul>\n<p><strong>Entrada + Bus<\/strong><\/p>\n<p>Es nuestra entrada b\u00e1sica m\u00e1s desplazamiento en autob\u00fas ida y vuelta desde M\u00e1laga. El autob\u00fas saldr\u00e1 desde un lugar del centro de M\u00e1laga (pendiente de confirmar). *<\/p>\n<a href=\"https:\/\/marbella.wordcamp.org\/2016\/entradas\/\">Por favor, ve esta p\u00e1gina en un navegador para hacer una compra o gestionar entradas.<\/a>\n<p><span style=\"color: #fe4d01\"><strong>Importante<\/strong><\/span><\/p>\n<p><em>Al comprar la entrada, por favor selecciona men\u00fa y talla de camiseta. Pero ten en cuenta que por cuestiones de plazos con proveedores, no podremos garantizar las preferencias marcadas para las entradas compradas despu\u00e9s del 6 de junio a las 17:00h.<\/em><\/p>\n<p><em>* Para fletar el autob\u00fas es necesario vender un n\u00famero m\u00ednimo de entradas. En caso de no alcanzar este n\u00famero, se proceder\u00e1 a la devoluci\u00f3n de esta entrada para que los asistentes que las hubiera comprado puedan comprar la entrada b\u00e1sica en caso de seguir interesados en asistir. Os mantendremos informados de cualquier cambio.<br \/>\n<\/em><\/p>\n<p><span style=\"color: #fe4d01\"><em><strong>Devoluciones<\/strong><\/em><\/span><br \/>\n<em>No podemos ofreceros reembolso de las entradas compradas. Si has comprado una entrada y no puedes asistir, por favor considera la compra como una donaci\u00f3n a la comunidad. Si prefieres que tu entrada la utilice un amigo, puedes editar tu informaci\u00f3n de registro y poner la entrada a nombre de otra persona.<\/em><\/p>\n","protected":false},"excerpt":{"rendered":"<p>Entrada b\u00e1sica a la WordCamp Marbella incluye: Acceso a las conferencias Almuerzo, caf\u00e9 y snacks durante el d\u00eda de conferencias. Acreditaci\u00f3n personalizada. Regalos promocionales. Entrada + MicroPatrocinio a la WordCamp Marbella incluye: Nuestro infinito agradecimiento por colaborar desinteresadamente con la comunidad Tweet de agradecimiento desde la cuenta oficial de WordCamp Marbella @WCMarbella Acceso a las [&hellip;]<\/p>\n","protected":false},"author":14821767,"featured_media":0,"parent":0,"menu_order":0,"comment_status":"closed","ping_status":"closed","template":"page-templates\/full-width.php","meta":{"jetpack_post_was_ever_published":false,"footnotes":""},"class_list":["post-13","page","type-page","status-publish","hentry"],"jetpack_sharing_enabled":true,"jetpack_shortlink":"https:\/\/wp.me\/P7lm45-d","_links":{"self":[{"href":"https:\/\/marbella.wordcamp.org\/2016\/wp-json\/wp\/v2\/pages\/13","targetHints":{"allow":["GET"]}}],"collection":[{"href":"https:\/\/marbella.wordcamp.org\/2016\/wp-json\/wp\/v2\/pages"}],"about":[{"href":"https:\/\/marbella.wordcamp.org\/2016\/wp-json\/wp\/v2\/types\/page"}],"author":[{"embeddable":true,"href":"https:\/\/marbella.wordcamp.org\/2016\/wp-json\/wp\/v2\/users\/14821767"}],"replies":[{"embeddable":true,"href":"https:\/\/marbella.wordcamp.org\/2016\/wp-json\/wp\/v2\/comments?post=13"}],"version-history":[{"count":15,"href":"https:\/\/marbella.wordcamp.org\/2016\/wp-json\/wp\/v2\/pages\/13\/revisions"}],"predecessor-version":[{"id":748,"href":"https:\/\/marbella.wordcamp.org\/2016\/wp-json\/wp\/v2\/pages\/13\/revisions\/748"}],"wp:attachment":[{"href":"https:\/\/marbella.wordcamp.org\/2016\/wp-json\/wp\/v2\/media?parent=13"}],"curies":[{"name":"wp","href":"https:\/\/api.w.org\/{rel}","templated":true}]}}