{"id":12,"date":"2016-03-16T18:35:46","date_gmt":"2016-03-16T18:35:46","guid":{"rendered":"https:\/\/marbella.wordcamp.org\/2016\/organizers\/"},"modified":"2016-05-05T11:23:48","modified_gmt":"2016-05-05T11:23:48","slug":"organizadores","status":"publish","type":"page","link":"https:\/\/marbella.wordcamp.org\/2016\/wordcamp-marbella\/organizadores\/","title":{"rendered":"Organizadores"},"content":{"rendered":"\t<div class=\"wcorg-organizers\">\n\n\t\t\n\t\t\t<div class=\"wcorg-organizer\">\n\t\t\t\t<h2>Jacob Mu\u00f1oz<\/h2>\n\t\t\t\t<div class=\"wcorg-organizer-description\">\n\t\t\t\t\t\t\t\t\t\t<img alt='' src='https:\/\/secure.gravatar.com\/avatar\/23326dc5b5450f9bd84124b6fa56596730a964a24385ecdff426c6a869889ff3?s=100&#038;d=mm&#038;r=g' srcset='https:\/\/secure.gravatar.com\/avatar\/23326dc5b5450f9bd84124b6fa56596730a964a24385ecdff426c6a869889ff3?s=200&#038;d=mm&#038;r=g 2x' class='avatar avatar-100 photo' height='100' width='100' \/>\t\t\t\t\t<p dir=\"ltr\">\u00b7 Art Director &amp; Senior Designer \u00b7<\/p>\n<p><span dir=\"ltr\"><a title=\"http:\/\/jacob76.com\" href=\"http:\/\/t.co\/7ADraHtydu\" target=\"_blank\" rel=\"me nofollow noopener\">jacob76.com<\/a><\/span> | <a href=\"https:\/\/twitter.com\/Jacob76_\">@Jacob76_<\/a><\/p>\n\t\t\t\t<\/div>\n\t\t\t<\/div>\n\n\t\t\n\t\t\t<div class=\"wcorg-organizer\">\n\t\t\t\t<h2>Ignacio Conejo<\/h2>\n\t\t\t\t<div class=\"wcorg-organizer-description\">\n\t\t\t\t\t\t\t\t\t\t<img alt='' src='https:\/\/secure.gravatar.com\/avatar\/a4f614408882527afdb16f3e189389bdee7fe619c5cac8fb13a54213da578691?s=100&#038;d=mm&#038;r=g' srcset='https:\/\/secure.gravatar.com\/avatar\/a4f614408882527afdb16f3e189389bdee7fe619c5cac8fb13a54213da578691?s=200&#038;d=mm&#038;r=g 2x' class='avatar avatar-100 photo' height='100' width='100' \/>\t\t\t\t\t<p dir=\"ltr\">Emprendedor | Social Media | Content Curator | GastroMarketing | BasketLover <a href=\"https:\/\/twitter.com\/hashtag\/MarketerosNocturnos?src=hash\"><s>#<\/s>MarketerosNocturnos<\/a>. Aprendiendo cada d\u00eda | E-Mail: IgnacioCM@IgnacioCM.com<\/p>\n<p dir=\"ltr\"><a title=\"http:\/\/ignaciocm.com\/\" href=\"http:\/\/t.co\/fXkrIJv5i6\" target=\"_blank\" rel=\"me nofollow\">ignaciocm.com<\/a> | <a href=\"https:\/\/twitter.com\/ignacio_conejo\">@ignacio_conejo<\/a><\/p>\n\t\t\t\t<\/div>\n\t\t\t<\/div>\n\n\t\t\n\t\t\t<div class=\"wcorg-organizer\">\n\t\t\t\t<h2>Beatriz Lavela<\/h2>\n\t\t\t\t<div class=\"wcorg-organizer-description\">\n\t\t\t\t\t\t\t\t\t\t<img alt='' src='https:\/\/secure.gravatar.com\/avatar\/426ce871c26e1f22ec77f9afac99949daeaf67449e9b0abfabc3b20604658aff?s=100&#038;d=mm&#038;r=g' srcset='https:\/\/secure.gravatar.com\/avatar\/426ce871c26e1f22ec77f9afac99949daeaf67449e9b0abfabc3b20604658aff?s=200&#038;d=mm&#038;r=g 2x' class='avatar avatar-100 photo' height='100' width='100' \/>\t\t\t\t\t<p>Cordobesa de nacimiento, malague\u00f1a de coraz\u00f3n. Madre, desarrolladora, enamorada de WordPress. Co-fundadora de Wadda, empresa dedicada al dise\u00f1o y desarollo web.<\/p>\n<p><a href=\"https:\/\/twitter.com\/BeatrizLavela\">@BeatrizLavela<\/a><\/p>\n\t\t\t\t<\/div>\n\t\t\t<\/div>\n\n\t\t\n\t\t\t<div class=\"wcorg-organizer\">\n\t\t\t\t<h2>Pedro Garc\u00eda<\/h2>\n\t\t\t\t<div class=\"wcorg-organizer-description\">\n\t\t\t\t\t\t\t\t\t\t<img alt='' src='https:\/\/secure.gravatar.com\/avatar\/?s=100&#038;d=mm&#038;r=g' srcset='https:\/\/secure.gravatar.com\/avatar\/?s=200&#038;d=mm&#038;r=g 2x' class='avatar avatar-100 photo avatar-default' height='100' width='100' \/>\t\t\t\t\t<p dir=\"ltr\"><a title=\"http:\/\/MisterPedro.com\" href=\"http:\/\/t.co\/yjAA38Q98g\" target=\"_blank\" rel=\"nofollow\">MisterPedro.com\u00a0<\/a>: Un blog sobre <a href=\"https:\/\/twitter.com\/hashtag\/Foursquare?src=hash\"><s>#<\/s>Foursquare<\/a>, <a href=\"https:\/\/twitter.com\/hashtag\/Geomarketing?src=hash\"><s>#<\/s>Geomarketing<\/a>, <a href=\"https:\/\/twitter.com\/hashtag\/WordPress?src=hash\"><s>#<\/s>WordPress<\/a>, <a href=\"https:\/\/twitter.com\/hashtag\/tecnolog%C3%ADa?src=hash\"><s>#<\/s>tecnolog\u00eda<\/a>, <a href=\"https:\/\/twitter.com\/hashtag\/rrss?src=hash\"><s>#<\/s>rrss<\/a>, <a href=\"https:\/\/twitter.com\/hashtag\/apps?src=hash\"><s>#<\/s>apps<\/a> y tambi\u00e9n un poco de <a href=\"https:\/\/twitter.com\/hashtag\/humor?src=hash\"><s>#<\/s>humor<\/a><\/p>\n<div><span dir=\"ltr\"> Espa\u00f1a <\/span><\/div>\n<div><\/div>\n<div class=\"ProfileHeaderCard-url \"><span dir=\"ltr\"><a href=\"https:\/\/twitter.com\/MisterPedroCom\"> @MisterPedroCom<\/a> | <a title=\"http:\/\/MisterPedro.com\" href=\"http:\/\/t.co\/7KGXfiAHoP\" target=\"_blank\" rel=\"me nofollow\">MisterPedro.com <\/a><\/span><\/div>\n\t\t\t\t<\/div>\n\t\t\t<\/div>\n\n\t\t\n\t\t\t<div class=\"wcorg-organizer\">\n\t\t\t\t<h2>Javier Santos<\/h2>\n\t\t\t\t<div class=\"wcorg-organizer-description\">\n\t\t\t\t\t\t\t\t\t\t<img alt='' src='https:\/\/secure.gravatar.com\/avatar\/d19f54b7c0d14469323541efcf33a61a754bbcbbfd48ce56941e1e30fb9a8330?s=100&#038;d=mm&#038;r=g' srcset='https:\/\/secure.gravatar.com\/avatar\/d19f54b7c0d14469323541efcf33a61a754bbcbbfd48ce56941e1e30fb9a8330?s=200&#038;d=mm&#038;r=g 2x' class='avatar avatar-100 photo' height='100' width='100' \/>\t\t\t\t\t<p><span class=\"message_body\">Administrativo de profesi\u00f3n, emprendedor, marketero y tecnol\u00f3gico.<br \/>\nEn continuo aprendizaje. #asistentevirtual<\/span><\/p>\n<p><a href=\"https:\/\/twitter.com\/javisantos14\">@javisantos14<\/a><\/p>\n\t\t\t\t<\/div>\n\t\t\t<\/div>\n\n\t\t\n\t\t\t<div class=\"wcorg-organizer\">\n\t\t\t\t<h2>Jorge Gaspar<\/h2>\n\t\t\t\t<div class=\"wcorg-organizer-description\">\n\t\t\t\t\t\t\t\t\t\t<img alt='' src='https:\/\/secure.gravatar.com\/avatar\/37703bebeb3fc3a9b7f8d4ab3aa9b984b6854d229dbc10fd27d2ca06da43c75c?s=100&#038;d=mm&#038;r=g' srcset='https:\/\/secure.gravatar.com\/avatar\/37703bebeb3fc3a9b7f8d4ab3aa9b984b6854d229dbc10fd27d2ca06da43c75c?s=200&#038;d=mm&#038;r=g 2x' class='avatar avatar-100 photo' height='100' width='100' \/>\t\t\t\t\t<p>Posicionamientos en Buscadores, Dise\u00f1o y desarrollo de p\u00e1ginas web, Marketing digital , Asesoramiento Digital. Si quieres entrar en Internet no dudes en buscarnos .<br \/>\nConocemos c\u00f3mo funcionan las empresas y las ventas .<\/p>\n<p><a href=\"http:\/\/twitter.com\/tugestorweb\">@tugestorweb<\/a><\/p>\n<p>&nbsp;<\/p>\n\t\t\t\t<\/div>\n\t\t\t<\/div>\n\n\t\t\n\t\t\t<div class=\"wcorg-organizer\">\n\t\t\t\t<h2>Crist\u00f3bal D\u00edaz<\/h2>\n\t\t\t\t<div class=\"wcorg-organizer-description\">\n\t\t\t\t\t\t\t\t\t\t<img alt='' src='https:\/\/secure.gravatar.com\/avatar\/626634e6d7ee6a0e258ebb50dc38a557bc3231f0a82e690cbf324979d5b85fe8?s=100&#038;d=mm&#038;r=g' srcset='https:\/\/secure.gravatar.com\/avatar\/626634e6d7ee6a0e258ebb50dc38a557bc3231f0a82e690cbf324979d5b85fe8?s=200&#038;d=mm&#038;r=g 2x' class='avatar avatar-100 photo' height='100' width='100' \/>\t\t\t\t\t<p dir=\"ltr\">T\u00e9cnico Superior <a href=\"https:\/\/twitter.com\/hashtag\/Informatica?src=hash\"><s>#<\/s>Informatica<\/a> &amp; <a href=\"https:\/\/twitter.com\/hashtag\/Administracion?src=hash\"><s>#<\/s>Administracion<\/a> <a href=\"https:\/\/twitter.com\/hashtag\/UNED?src=hash\"><s>#<\/s>UNED<\/a> <a href=\"https:\/\/twitter.com\/hashtag\/CommunityManager?src=hash\"><s>#<\/s>CommunityManager<\/a> <a href=\"https:\/\/twitter.com\/hashtag\/SanPedroAlcantara?src=hash\"><s>#<\/s>SanPedroAlcantara<\/a> <a href=\"https:\/\/twitter.com\/hashtag\/Marbella?src=hash\"><s>#<\/s>Marbella<\/a> <a href=\"https:\/\/twitter.com\/hashtag\/Estepona?src=hash\"><s>#<\/s>Estepona<\/a><\/p>\n<div><\/div>\n<p><a href=\"https:\/\/twitter.com\/ertobalo\">@ertobalo<\/a> | <a href=\"https:\/\/es.linkedin.com\/in\/cristobaldiazacevedo\">es.linkedin.com\/in\/cristobaldiazacevedo<\/a><\/p>\n<p>&nbsp;<\/p>\n\t\t\t\t<\/div>\n\t\t\t<\/div>\n\n\t\t\n\t<\/div><!-- .wcorg-organizers -->\n\t\n","protected":false},"excerpt":{"rendered":"","protected":false},"author":14821767,"featured_media":0,"parent":2,"menu_order":0,"comment_status":"closed","ping_status":"closed","template":"page-templates\/full-width.php","meta":{"jetpack_post_was_ever_published":false,"footnotes":""},"class_list":["post-12","page","type-page","status-publish","hentry"],"jetpack_sharing_enabled":true,"jetpack_shortlink":"https:\/\/wp.me\/P7lm45-c","_links":{"self":[{"href":"https:\/\/marbella.wordcamp.org\/2016\/wp-json\/wp\/v2\/pages\/12","targetHints":{"allow":["GET"]}}],"collection":[{"href":"https:\/\/marbella.wordcamp.org\/2016\/wp-json\/wp\/v2\/pages"}],"about":[{"href":"https:\/\/marbella.wordcamp.org\/2016\/wp-json\/wp\/v2\/types\/page"}],"author":[{"embeddable":true,"href":"https:\/\/marbella.wordcamp.org\/2016\/wp-json\/wp\/v2\/users\/14821767"}],"replies":[{"embeddable":true,"href":"https:\/\/marbella.wordcamp.org\/2016\/wp-json\/wp\/v2\/comments?post=12"}],"version-history":[{"count":3,"href":"https:\/\/marbella.wordcamp.org\/2016\/wp-json\/wp\/v2\/pages\/12\/revisions"}],"predecessor-version":[{"id":225,"href":"https:\/\/marbella.wordcamp.org\/2016\/wp-json\/wp\/v2\/pages\/12\/revisions\/225"}],"up":[{"embeddable":true,"href":"https:\/\/marbella.wordcamp.org\/2016\/wp-json\/wp\/v2\/pages\/2"}],"wp:attachment":[{"href":"https:\/\/marbella.wordcamp.org\/2016\/wp-json\/wp\/v2\/media?parent=12"}],"curies":[{"name":"wp","href":"https:\/\/api.w.org\/{rel}","templated":true}]}}